{"id":149,"date":"2025-08-28T07:53:55","date_gmt":"2025-08-28T07:53:55","guid":{"rendered":"https:\/\/sinofon.ff.upol.cz\/?page_id=149"},"modified":"2025-12-01T14:30:20","modified_gmt":"2025-12-01T14:30:20","slug":"people","status":"publish","type":"page","link":"https:\/\/sinofon.ff.upol.cz\/?page_id=149","title":{"rendered":"People"},"content":{"rendered":"<div class=\"n2_clear\"><ss3-force-full-width data-overflow-x=\"body\" data-horizontal-selector=\"body\"><div class=\"n2-section-smartslider fitvidsignore  n2_clear\" data-ssid=\"7\"><div id=\"n2-ss-7-align\" class=\"n2-ss-align\"><div class=\"n2-padding\"><div id=\"n2-ss-7\" data-creator=\"Smart Slider 3\" data-responsive=\"fullwidth\" class=\"n2-ss-slider n2-ow n2-has-hover n2notransition  \">\n        <div class=\"n2-ss-slider-1 n2-ow\">\n            <div class=\"n2-ss-slider-2 n2-ow\">\n                <div class=\"n2-ss-slide-backgrounds n2-ow-all\"><div class=\"n2-ss-slide-background\" data-public-id=\"1\" data-mode=\"fill\"><div class=\"n2-ss-slide-background-image\" data-blur=\"0\" data-opacity=\"45\" data-x=\"47\" data-y=\"11\" data-alt=\"\" data-title=\"\" style=\"opacity:0.45;--ss-o-pos-x:47%;--ss-o-pos-y:11%\"><picture class=\"skip-lazy\" data-skip-lazy=\"1\"><img decoding=\"async\" src=\"\/\/sinofon.ff.upol.cz\/wp-content\/uploads\/2025\/10\/DSC_0887.webp\" alt=\"\" title=\"\" loading=\"lazy\" class=\"skip-lazy\" data-skip-lazy=\"1\"><\/picture><\/div><div data-color=\"RGBA(69,148,225,1)\" style=\"background-color: RGBA(69,148,225,1);\" class=\"n2-ss-slide-background-color\"><\/div><\/div><\/div>                <div class=\"n2-ss-slider-3 n2-ow\">\n                    <svg xmlns=\"http:\/\/www.w3.org\/2000\/svg\" viewBox=\"0 0 1200 250\" data-related-device=\"desktopPortrait\" class=\"n2-ow n2-ss-preserve-size n2-ss-preserve-size--slider n2-ss-slide-limiter\"><\/svg><div data-first=\"1\" data-slide-duration=\"0\" data-id=\"25\" data-slide-public-id=\"1\" data-title=\"cropped-header-background-new.jpg\" class=\"n2-ss-slide n2-ow  n2-ss-slide-25\"><div role=\"note\" class=\"n2-ss-slide--focus\" tabindex=\"-1\">cropped-header-background-new.jpg<\/div><div class=\"n2-ss-layers-container n2-ss-slide-limiter n2-ow\"><div class=\"n2-ss-layer n2-ow n-uc-qcwygJOr0hIR\" data-sstype=\"slide\" data-pm=\"default\"><div class=\"n2-ss-layer n2-ow n-uc-o8EZr2RKeGPS\" data-pm=\"default\" data-sstype=\"content\" data-hasbackground=\"0\"><div class=\"n2-ss-section-main-content n2-ss-layer-with-background n2-ss-layer-content n2-ow n-uc-o8EZr2RKeGPS-inner\"><div class=\"n2-ss-layer n2-ow n-uc-14d9727dda89b\" data-pm=\"normal\" data-sstype=\"layer\"><h1 id=\"n2-ss-7item1\" class=\"n2-font-7bbe84d2a0838246b90b79fd15f60e52-hover   n2-ss-item-content n2-ss-text n2-ow\" style=\"display:block;\">People<\/h1><\/div><div class=\"n2-ss-layer n2-ow n-uc-AVdq8NiSUnTb\" data-pm=\"normal\" data-sstype=\"layer\"><div class=\"n2-ss-item-content n2-ss-text n2-ow-all\"><div class=\"\"><\/div><\/div><\/div><\/div><\/div><\/div><\/div><\/div>                <\/div>\n                            <\/div>\n        <\/div>\n        <\/div><ss3-loader><\/ss3-loader><\/div><\/div><div class=\"n2_clear\"><\/div><\/div><\/ss3-force-full-width><\/div>\n\n\n<p><\/p>\n\n\n\n<div class=\"wp-block-columns is-layout-flex wp-container-core-columns-is-layout-28f84493 wp-block-columns-is-layout-flex\">\n<div class=\"wp-block-column is-layout-flow wp-container-core-column-is-layout-92d440f1 wp-block-column-is-layout-flow\" style=\"padding-top:0;padding-bottom:0\">\n<figure class=\"wp-block-table is-style-regular\" style=\"margin-top:0;margin-right:0;margin-bottom:0;margin-left:0;padding-top:0;padding-right:0;padding-bottom:0;padding-left:0\"><table class=\"has-background has-border-color has-ast-global-color-4-border-color has-fixed-layout\" style=\"background-color:#e4f4fb;border-width:22px\"><tbody><tr><td>Dr. <a href=\"https:\/\/kas.upol.cz\/nc\/kontakty\/vizitka\/empid\/80095957\/\" data-type=\"link\" data-id=\"https:\/\/kas.upol.cz\/nc\/kontakty\/vizitka\/empid\/80095957\/\" target=\"_blank\" rel=\"noreferrer noopener\">Karl Alexander <strong>Adelaar<\/strong><\/a><\/td><\/tr><tr><td><a href=\"https:\/\/kas.upol.cz\/nc\/kontakty\/vizitka\/empid\/80135695\/\" data-type=\"link\" data-id=\"https:\/\/kas.upol.cz\/nc\/kontakty\/vizitka\/empid\/80135695\/\" target=\"_blank\" rel=\"noreferrer noopener\">Kyou-Dong <strong>Ahn<\/strong><\/a>, M.A., Ph.D.<\/td><\/tr><tr><td>doc. <a href=\"https:\/\/kas.upol.cz\/nc\/kontakty\/vizitka\/empid\/80112598\/\" data-type=\"link\" data-id=\"https:\/\/kas.upol.cz\/nc\/kontakty\/vizitka\/empid\/80112598\/\" target=\"_blank\" rel=\"noreferrer noopener\">Monika <strong>Arnez<\/strong><\/a>, Ph.D., MA<\/td><\/tr><tr><td>doc. Mgr. <a href=\"https:\/\/kas.upol.cz\/nc\/kontakty\/vizitka\/empid\/03320\/\" data-type=\"link\" data-id=\"https:\/\/kas.upol.cz\/nc\/kontakty\/vizitka\/empid\/03320\/\" target=\"_blank\" rel=\"noreferrer noopener\">Ivona <strong>Bare\u0161ov\u00e1<\/strong><\/a>, Ph.D.<\/td><\/tr><tr><td><a href=\"https:\/\/kas.upol.cz\/nc\/kontakty\/vizitka\/empid\/80120257\/\" data-type=\"link\" data-id=\"https:\/\/kas.upol.cz\/nc\/kontakty\/vizitka\/empid\/80120257\/\" target=\"_blank\" rel=\"noreferrer noopener\">Francis Charles <strong>Bond<\/strong><\/a>, Ph.D.<\/td><\/tr><tr><td>doc. Dr. <a href=\"https:\/\/kas.upol.cz\/nc\/kontakty\/vizitka\/empid\/80078730\/\" data-type=\"link\" data-id=\"https:\/\/kas.upol.cz\/nc\/kontakty\/vizitka\/empid\/80078730\/\" target=\"_blank\" rel=\"noreferrer noopener\">Alfred <strong>Gerstl<\/strong><\/a><\/td><\/tr><tr><td>Mgr. <a href=\"https:\/\/kas.upol.cz\/nc\/kontakty\/vizitka\/empid\/10016230\/\" data-type=\"link\" data-id=\"https:\/\/kas.upol.cz\/nc\/kontakty\/vizitka\/empid\/10016230\/\" target=\"_blank\" rel=\"noreferrer noopener\">Alexandra <strong>Hagerov\u00e1<\/strong><\/a><\/td><\/tr><tr><td>Mgr. <a href=\"https:\/\/kas.upol.cz\/nc\/kontakty\/vizitka\/empid\/26670\/\" data-type=\"link\" data-id=\"https:\/\/kas.upol.cz\/nc\/kontakty\/vizitka\/empid\/26670\/\" target=\"_blank\" rel=\"noreferrer noopener\">Kamila <strong>Hlad\u00edkov\u00e1<\/strong><\/a>, Ph.D.<\/td><\/tr><tr><td><a href=\"https:\/\/kas.upol.cz\/nc\/kontakty\/vizitka\/empid\/80072039\/\" data-type=\"link\" data-id=\"https:\/\/kas.upol.cz\/nc\/kontakty\/vizitka\/empid\/80072039\/\" target=\"_blank\" rel=\"noreferrer noopener\">Ji\u0159\u00ed <strong>J\u00e1kl<\/strong><\/a>, Ph.D.<\/td><\/tr><tr><td>Mgr. <a href=\"https:\/\/kas.upol.cz\/nc\/kontakty\/vizitka\/empid\/80036052\/\" data-type=\"link\" data-id=\"https:\/\/kas.upol.cz\/nc\/kontakty\/vizitka\/empid\/80036052\/\" target=\"_blank\" rel=\"noreferrer noopener\">Petr <strong>Janda<\/strong><\/a>, Ph.D.<\/td><\/tr><tr><td>RNDr. <a href=\"https:\/\/www.upol.cz\/nc\/kontakty\/vyhledavani\/kontakt\/empid\/20026822\/\" data-type=\"link\" data-id=\"https:\/\/www.upol.cz\/nc\/kontakty\/vyhledavani\/kontakt\/empid\/20026822\/\" target=\"_blank\" rel=\"noreferrer noopener\">Pavla <strong>Ku\u010derov\u00e1<\/strong><\/a>, Ph.D.<\/td><\/tr><tr><td>Mgr. <a href=\"https:\/\/kas.upol.cz\/nc\/kontakty\/vizitka\/empid\/13388\/\" data-type=\"link\" data-id=\"https:\/\/kas.upol.cz\/nc\/kontakty\/vizitka\/empid\/13388\/\" target=\"_blank\" rel=\"noreferrer noopener\">Ond\u0159ej <strong>Ku\u010dera<\/strong><\/a>, Ph.D.<\/td><\/tr><tr><td>Ing. Mgr. <a href=\"https:\/\/kas.upol.cz\/nc\/kontakty\/vizitka\/empid\/80103088\/\" data-type=\"link\" data-id=\"https:\/\/kas.upol.cz\/nc\/kontakty\/vizitka\/empid\/80103088\/\" target=\"_blank\" rel=\"noreferrer noopener\">Krist\u00edna <strong>Kironsk\u00e1<\/strong><\/a>, Ph.D.<\/td><\/tr><tr><td><a href=\"https:\/\/kas.upol.cz\/nc\/kontakty\/vizitka\/empid\/80098673\/\" data-type=\"link\" data-id=\"https:\/\/kas.upol.cz\/nc\/kontakty\/vizitka\/empid\/80098673\/\" target=\"_blank\" rel=\"noreferrer noopener\">Filip <strong>Kraus<\/strong><\/a>, Ph.D.<\/td><\/tr><\/tbody><\/table><\/figure>\n<\/div>\n\n\n\n<div class=\"wp-block-column is-layout-flow wp-block-column-is-layout-flow\">\n<figure class=\"wp-block-table\"><table class=\"has-background has-border-color has-ast-global-color-4-border-color has-fixed-layout\" style=\"background-color:#e4f4fb;border-width:22px\"><tbody><tr><td><a href=\"https:\/\/kas.upol.cz\/nc\/kontakty\/vizitka\/empid\/80102265\/\" data-type=\"link\" data-id=\"https:\/\/kas.upol.cz\/nc\/kontakty\/vizitka\/empid\/80102265\/\" target=\"_blank\" rel=\"noreferrer noopener\">Thi Thu Mai <strong>Krausov\u00e1<\/strong><\/a>, MA, Ph.D.<\/td><\/tr><tr><td>Mgr.Bc. <a href=\"https:\/\/kas.upol.cz\/nc\/kontakty\/vizitka\/empid\/80052832\/\" data-type=\"link\" data-id=\"https:\/\/kas.upol.cz\/nc\/kontakty\/vizitka\/empid\/80052832\/\" target=\"_blank\" rel=\"noreferrer noopener\">Olga <strong>Lu\u0148\u00e1\u010dkov\u00e1<\/strong><\/a>, DiS.<\/td><\/tr><tr><td>Dr. <a href=\"https:\/\/kas.upol.cz\/nc\/kontakty\/vizitka\/empid\/80093996\/\" data-type=\"link\" data-id=\"https:\/\/kas.upol.cz\/nc\/kontakty\/vizitka\/empid\/80093996\/\" target=\"_blank\" rel=\"noreferrer noopener\">Azim <strong>Malikov<\/strong><\/a><\/td><\/tr><tr><td><a href=\"https:\/\/kas.upol.cz\/nc\/kontakty\/vizitka\/empid\/80102362\/\" data-type=\"link\" data-id=\"https:\/\/kas.upol.cz\/nc\/kontakty\/vizitka\/empid\/80102362\/\" target=\"_blank\" rel=\"noreferrer noopener\">Mukaidaisi <strong>Muhetaer<\/strong><\/a>, MA, Ph.D.<\/td><\/tr><tr><td>Mgr. <a href=\"https:\/\/kas.upol.cz\/nc\/kontakty\/vizitka\/empid\/80087539\/\" data-type=\"link\" data-id=\"https:\/\/kas.upol.cz\/nc\/kontakty\/vizitka\/empid\/80087539\/\" target=\"_blank\" rel=\"noreferrer noopener\">Runya <strong>Qiaoan<\/strong><\/a>, Ph.D.<\/td><\/tr><tr><td>Dr. <a href=\"https:\/\/kas.upol.cz\/nc\/kontakty\/vizitka\/empid\/80094656\/\" data-type=\"link\" data-id=\"https:\/\/kas.upol.cz\/nc\/kontakty\/vizitka\/empid\/80094656\/\" target=\"_blank\" rel=\"noreferrer noopener\">Natalia <strong>Ryzhova<\/strong><\/a><\/td><\/tr><tr><td>doc. <a href=\"https:\/\/kas.upol.cz\/nc\/kontakty\/vizitka\/empid\/80081586\/\" data-type=\"link\" data-id=\"https:\/\/kas.upol.cz\/nc\/kontakty\/vizitka\/empid\/80081586\/\" target=\"_blank\" rel=\"noreferrer noopener\">Joanna Ut-seong <strong>Sio<\/strong><\/a>, Ph.D.<\/td><\/tr><tr><td><a href=\"https:\/\/kas.upol.cz\/nc\/kontakty\/vizitka\/empid\/80103286\/\" data-type=\"link\" data-id=\"https:\/\/kas.upol.cz\/nc\/kontakty\/vizitka\/empid\/80103286\/\" target=\"_blank\" rel=\"noreferrer noopener\">Rune <strong>Steenberg<\/strong><\/a>, PhD<\/td><\/tr><tr><td><a href=\"https:\/\/kas.upol.cz\/nc\/kontakty\/vizitka\/empid\/80112063\/\" data-type=\"link\" data-id=\"https:\/\/kas.upol.cz\/nc\/kontakty\/vizitka\/empid\/80112063\/\" target=\"_blank\" rel=\"noreferrer noopener\">Giorgio <strong>Strafella<\/strong><\/a>, PhD<\/td><\/tr><tr><td>Mgr. <a href=\"https:\/\/kas.upol.cz\/nc\/kontakty\/vizitka\/empid\/80038509\/\" data-type=\"link\" data-id=\"https:\/\/kas.upol.cz\/nc\/kontakty\/vizitka\/empid\/80038509\/\" target=\"_blank\" rel=\"noreferrer noopener\">Kate\u0159ina <strong>\u0160amajov\u00e1<\/strong><\/a>, Ph.D.<\/td><\/tr><tr><td>Dr.Phil. <a href=\"https:\/\/kas.upol.cz\/nc\/kontakty\/vizitka\/empid\/80008505\/\" data-type=\"link\" data-id=\"https:\/\/kas.upol.cz\/nc\/kontakty\/vizitka\/empid\/80008505\/\" target=\"_blank\" rel=\"noreferrer noopener\">Martin <strong>\u0160turd\u00edk<\/strong><\/a>, M.A.<\/td><\/tr><tr><td>Ing. Mgr. <a href=\"https:\/\/kas.upol.cz\/nc\/kontakty\/vizitka\/empid\/80087546\/\" data-type=\"link\" data-id=\"https:\/\/kas.upol.cz\/nc\/kontakty\/vizitka\/empid\/80087546\/\" target=\"_blank\" rel=\"noreferrer noopener\">Richard <strong>Turcs\u00e1nyi<\/strong><\/a>, Ph.D.<\/td><\/tr><tr><td>Mgr. <a href=\"https:\/\/kas.upol.cz\/nc\/kontakty\/vizitka\/empid\/20010408\/\" data-type=\"link\" data-id=\"https:\/\/kas.upol.cz\/nc\/kontakty\/vizitka\/empid\/20010408\/\" target=\"_blank\" rel=\"noreferrer noopener\">Lenka <strong>Vyle\u0165alov\u00e1<\/strong><\/a>, Ph.D., MBA<\/td><\/tr><\/tbody><\/table><\/figure>\n<\/div>\n<\/div>\n\n\n\n<p><\/p>\n","protected":false},"excerpt":{"rendered":"<p>Dr. Karl Alexander Adelaar Kyou-Dong Ahn, M.A., Ph.D. doc. Monika Arnez, Ph.D., MA doc. Mgr. Ivona Bare\u0161ov\u00e1, Ph.D. Francis Charles [&hellip;]<\/p>\n","protected":false},"author":1,"featured_media":0,"parent":0,"menu_order":0,"comment_status":"closed","ping_status":"closed","template":"","meta":{"site-sidebar-layout":"default","site-content-layout":"","ast-site-content-layout":"default","site-content-style":"default","site-sidebar-style":"default","ast-global-header-display":"","ast-banner-title-visibility":"","ast-main-header-display":"","ast-hfb-above-header-display":"","ast-hfb-below-header-display":"","ast-hfb-mobile-header-display":"","site-post-title":"disabled","ast-breadcrumbs-content":"","ast-featured-img":"","footer-sml-layout":"","ast-disable-related-posts":"","theme-transparent-header-meta":"","adv-header-id-meta":"","stick-header-meta":"","header-above-stick-meta":"","header-main-stick-meta":"","header-below-stick-meta":"","astra-migrate-meta-layouts":"default","ast-page-background-enabled":"default","ast-page-background-meta":{"desktop":{"background-color":"var(--ast-global-color-5)","background-image":"","background-repeat":"repeat","background-position":"center center","background-size":"auto","background-attachment":"scroll","background-type":"","background-media":"","overlay-type":"","overlay-color":"","overlay-opacity":"","overlay-gradient":""},"tablet":{"background-color":"","background-image":"","background-repeat":"repeat","background-position":"center center","background-size":"auto","background-attachment":"scroll","background-type":"","background-media":"","overlay-type":"","overlay-color":"","overlay-opacity":"","overlay-gradient":""},"mobile":{"background-color":"","background-image":"","background-repeat":"repeat","background-position":"center center","background-size":"auto","background-attachment":"scroll","background-type":"","background-media":"","overlay-type":"","overlay-color":"","overlay-opacity":"","overlay-gradient":""}},"ast-content-background-meta":{"desktop":{"background-color":"var(--ast-global-color-4)","background-image":"","background-repeat":"repeat","background-position":"center center","background-size":"auto","background-attachment":"scroll","background-type":"","background-media":"","overlay-type":"","overlay-color":"","overlay-opacity":"","overlay-gradient":""},"tablet":{"background-color":"var(--ast-global-color-4)","background-image":"","background-repeat":"repeat","background-position":"center center","background-size":"auto","background-attachment":"scroll","background-type":"","background-media":"","overlay-type":"","overlay-color":"","overlay-opacity":"","overlay-gradient":""},"mobile":{"background-color":"var(--ast-global-color-4)","background-image":"","background-repeat":"repeat","background-position":"center center","background-size":"auto","background-attachment":"scroll","background-type":"","background-media":"","overlay-type":"","overlay-color":"","overlay-opacity":"","overlay-gradient":""}},"footnotes":""},"class_list":["post-149","page","type-page","status-publish","hentry"],"_links":{"self":[{"href":"https:\/\/sinofon.ff.upol.cz\/index.php?rest_route=\/wp\/v2\/pages\/149","targetHints":{"allow":["GET"]}}],"collection":[{"href":"https:\/\/sinofon.ff.upol.cz\/index.php?rest_route=\/wp\/v2\/pages"}],"about":[{"href":"https:\/\/sinofon.ff.upol.cz\/index.php?rest_route=\/wp\/v2\/types\/page"}],"author":[{"embeddable":true,"href":"https:\/\/sinofon.ff.upol.cz\/index.php?rest_route=\/wp\/v2\/users\/1"}],"replies":[{"embeddable":true,"href":"https:\/\/sinofon.ff.upol.cz\/index.php?rest_route=%2Fwp%2Fv2%2Fcomments&post=149"}],"version-history":[{"count":16,"href":"https:\/\/sinofon.ff.upol.cz\/index.php?rest_route=\/wp\/v2\/pages\/149\/revisions"}],"predecessor-version":[{"id":317,"href":"https:\/\/sinofon.ff.upol.cz\/index.php?rest_route=\/wp\/v2\/pages\/149\/revisions\/317"}],"wp:attachment":[{"href":"https:\/\/sinofon.ff.upol.cz\/index.php?rest_route=%2Fwp%2Fv2%2Fmedia&parent=149"}],"curies":[{"name":"wp","href":"https:\/\/api.w.org\/{rel}","templated":true}]}}